{"id":14,"date":"2015-09-11T08:30:19","date_gmt":"2015-09-11T08:30:19","guid":{"rendered":"http:\/\/b.borusewicz.pl\/?page_id=14"},"modified":"2016-10-18T14:53:56","modified_gmt":"2016-10-18T14:53:56","slug":"zyciorys","status":"publish","type":"page","link":"http:\/\/b-borusewicz.pl\/index.php\/zyciorys\/","title":{"rendered":"\u017byciorys"},"content":{"rendered":"<div class=\"grid three-fourth\">\n<p style=\"text-align: justify;\"><strong>\u00a0<span style=\"line-height: 1.5;\">Jeden z lider\u00f3w opozycji z czas\u00f3w PRL, w latach 70. dzia\u0142a\u0142 w KSS KOR i Wolnych Zwi\u0105zkach Zawodowych Wybrze\u017ca. G\u0142\u00f3wny organi<span class=\"text_exposed_show\">zator sierpniowego strajku w Stoczni Gda\u0144skiej. To on wyznaczy\u0142 osoby, kt\u00f3re rozpocz\u0119\u0142y strajk, przygotowa\u0142 ulotki i ustali\u0142 dat\u0119. Po 13 grudnia 1981 jeden z najwa\u017cniejszych przyw\u00f3dc\u00f3w podziemnej &#8222;Solidarno\u015bci&#8221;, kt\u00f3ry najd\u0142u\u017cej nie da\u0142 si\u0119 z\u0142apa\u0107 \u015bcigaj\u0105cemu go zaciekle aparatowi bezpiecze\u0144stwa.<\/span><\/span><\/strong><\/p>\n<p style=\"text-align: justify;\">Urodzi\u0142 si\u0119 w 1949 r. Zamieszka\u0142 w Sopocie w roku 1958, gdzie uko\u0144czy\u0142 szko\u0142\u0119 podstawow\u0105, nast\u0119pnie Liceum Sztuk Plastycznych w Gdyni Or\u0142owie &#8211; klas\u0119 fotograficzn\u0105. Pierwszy raz aresztowany za rozprowadzanie ulotek popieraj\u0105cych student\u00f3w w marcu 1968 roku. Skazany na 3 lata wi\u0119zienia wyszed\u0142 po 1,5 roku.<br \/>\nAbsolwent historii na Katolickim Uniwersytecie Lubelskim (1976 r.). Dzia\u0142a\u0142 aktywnie w Kole Naukowym Historyk\u00f3w Student\u00f3w KUL.\u00a0 Pomaga\u0142 i inicjowa\u0142 nielegaln\u0105 dzia\u0142alno\u015b\u0107 opozycyjn\u0105 na KUL.<\/p>\n<p style=\"text-align: justify;\">Od 1989 roku przewodniczy\u0142 Zarz\u0105dowi Regionu Gda\u0144skiego NSZZ Solidarno\u015b\u0107. W latach 1993 ? 2001 by\u0142 pos\u0142em na Sejm, pe\u0142ni\u0142 funkcj\u0119 wiceministra spraw wewn\u0119trznych. W roku 2001 podj\u0105\u0142 prac\u0119 w samorz\u0105dzie jako wicemarsza\u0142ek i cz\u0142onek zarz\u0105du wojew\u00f3dztwa pomorskiego.<\/p>\n<p style=\"text-align: justify;\">\u017bonaty z Alin\u0105 Pienkowsk\u0105, dzia\u0142aj\u0105c\u0105 w opozycji demokratycznej i Solidarno\u015bci, senator RP, kt\u00f3ra zmar\u0142a w 2002 roku. Wraz z Alin\u0105 Pienkowsk\u0105 obdarzony zosta\u0142 tytu\u0142em Honorowego Obywatela Miasta Gda\u0144ska. Jest ojcem c\u00f3rki Kingi, oraz syna Sebastiana.<\/p>\n<p style=\"text-align: justify;\">Mi\u0142o\u015bnik morza i g\u00f3r, po kt\u00f3rych lubi w\u0119drowa\u0107 z namiotem i plecakiem. W 2004 roku zmierzy\u0142 si\u0119 z masywem Czarnohory na Ukrainie. Doskona\u0142a kondycja i sprawno\u015b\u0107 fizyczna pomaga\u0142y mu tak\u017ce w czasach, kiedy by\u0142 zmuszony do ukrywania si\u0119 i wyprowadzania w pole tropi\u0105cych go agent\u00f3w.<br \/>\nUwa\u017ca, \u017ce dzia\u0142alno\u015b\u0107 polityczna musi si\u0119 opiera\u0107 na uczciwo\u015bci, od najwy\u017cszych szczebli w\u0142adzy po najbardziej lokalne i aby tego pilnowa\u0107 kandydowa\u0142 w wyborach do Senatu RP w 2005 i w 2010 r. Trzykrotnie zosta\u0142 wybrany Marsza\u0142kiem Senatu VI i VII kadencji. Obecnie wybrany na funkcj\u0119 wicemarsza\u0142ka Senatu RP.<\/p>\n<\/div>\n<div class=\"grid one-fourth last\">\n<h3>\u00a0Wi\u0119cej<\/h3>\n<p>&nbsp;<\/p>\n<\/div>\n","protected":false},"excerpt":{"rendered":"<p>\u00a0Jeden z lider\u00f3w opozycji z czas\u00f3w PRL, w latach 70. dzia\u0142a\u0142 w KSS KOR i Wolnych Zwi\u0105zkach Zawodowych Wybrze\u017ca. G\u0142\u00f3wny organizator sierpniowego strajku w Stoczni Gda\u0144skiej. To on wyznaczy\u0142 osoby, kt\u00f3re rozpocz\u0119\u0142y strajk, przygotowa\u0142&#46;&#46;&#46;<\/p>\n","protected":false},"author":1,"featured_media":0,"parent":0,"menu_order":0,"comment_status":"closed","ping_status":"closed","template":"","meta":[],"_links":{"self":[{"href":"http:\/\/b-borusewicz.pl\/index.php\/wp-json\/wp\/v2\/pages\/14"}],"collection":[{"href":"http:\/\/b-borusewicz.pl\/index.php\/wp-json\/wp\/v2\/pages"}],"about":[{"href":"http:\/\/b-borusewicz.pl\/index.php\/wp-json\/wp\/v2\/types\/page"}],"author":[{"embeddable":true,"href":"http:\/\/b-borusewicz.pl\/index.php\/wp-json\/wp\/v2\/users\/1"}],"replies":[{"embeddable":true,"href":"http:\/\/b-borusewicz.pl\/index.php\/wp-json\/wp\/v2\/comments?post=14"}],"version-history":[{"count":30,"href":"http:\/\/b-borusewicz.pl\/index.php\/wp-json\/wp\/v2\/pages\/14\/revisions"}],"predecessor-version":[{"id":1487,"href":"http:\/\/b-borusewicz.pl\/index.php\/wp-json\/wp\/v2\/pages\/14\/revisions\/1487"}],"wp:attachment":[{"href":"http:\/\/b-borusewicz.pl\/index.php\/wp-json\/wp\/v2\/media?parent=14"}],"curies":[{"name":"wp","href":"https:\/\/api.w.org\/{rel}","templated":true}]}}