{"id":12,"date":"2015-09-11T08:30:08","date_gmt":"2015-09-11T08:30:08","guid":{"rendered":"http:\/\/b.borusewicz.pl\/?page_id=12"},"modified":"2015-09-14T09:13:41","modified_gmt":"2015-09-14T09:13:41","slug":"media","status":"publish","type":"page","link":"http:\/\/b-borusewicz.pl\/index.php\/media\/","title":{"rendered":"Media"},"content":{"rendered":"<p><strong><a href=\"http:\/\/b.borusewicz.pl\/index.php\/2015\/09\/11\/borusewicz-ale-o-co-chodzi-prezydentowi\/\" target=\"_blank\">Borusewicz- Ale o co chodzi Prezydentowi<\/a><\/strong><br \/>\nWywiad z Marsza\u0142kiem Borusewiczem w Gazecie Wyborczej z dnia 2 wrze\u015bnia 2015<br \/>\n<strong><a href=\"http:\/\/b.borusewicz.pl\/index.php\/test\/\" target=\"_blank\">?Wolno\u015b\u0107 jest jak powietrze?<\/a><\/strong><br \/>\nWywiad z Marsza\u0142kiem Senatu Bogdanem Borusewiczem oraz Markusem Meckelem do magazynu INFO Polsko-Niemieckiej Wsp\u00f3\u0142pracy M\u0142odzie\u017cy.<br \/>\n<strong>Polska dobrze wykorzysta\u0142a sw\u00f3j czas<\/strong><br \/>\nRozmowa z Bogdanem Borusewiczem, dzia\u0142aczem opozycji demokratycznej, marsza\u0142kiem Senatu.<br \/>\n<strong>Bogdan BORUSEWICZ: ?Niekomunistyczna elita mia\u0142a zasad\u0119: nie napycha\u0107 kieszeni?<\/strong><br \/>\nLegendarny ?Cz\u0142owiek z \u017celaza? o tym, dlaczego Polsce uda\u0142o si\u0119, a Rosji nie.<br \/>\n<strong>Wywiad marsza\u0142ka Senatu Bogdana Borusewicza dla PAP<\/strong><\/p>\n<p>&nbsp;<\/p>\n","protected":false},"excerpt":{"rendered":"<p>Borusewicz- Ale o co chodzi Prezydentowi Wywiad z Marsza\u0142kiem Borusewiczem w Gazecie Wyborczej z dnia 2 wrze\u015bnia 2015 ?Wolno\u015b\u0107 jest jak powietrze? Wywiad z Marsza\u0142kiem Senatu Bogdanem Borusewiczem oraz Markusem Meckelem do magazynu INFO&#46;&#46;&#46;<\/p>\n","protected":false},"author":1,"featured_media":0,"parent":0,"menu_order":0,"comment_status":"closed","ping_status":"closed","template":"","meta":[],"_links":{"self":[{"href":"http:\/\/b-borusewicz.pl\/index.php\/wp-json\/wp\/v2\/pages\/12"}],"collection":[{"href":"http:\/\/b-borusewicz.pl\/index.php\/wp-json\/wp\/v2\/pages"}],"about":[{"href":"http:\/\/b-borusewicz.pl\/index.php\/wp-json\/wp\/v2\/types\/page"}],"author":[{"embeddable":true,"href":"http:\/\/b-borusewicz.pl\/index.php\/wp-json\/wp\/v2\/users\/1"}],"replies":[{"embeddable":true,"href":"http:\/\/b-borusewicz.pl\/index.php\/wp-json\/wp\/v2\/comments?post=12"}],"version-history":[{"count":7,"href":"http:\/\/b-borusewicz.pl\/index.php\/wp-json\/wp\/v2\/pages\/12\/revisions"}],"predecessor-version":[{"id":160,"href":"http:\/\/b-borusewicz.pl\/index.php\/wp-json\/wp\/v2\/pages\/12\/revisions\/160"}],"wp:attachment":[{"href":"http:\/\/b-borusewicz.pl\/index.php\/wp-json\/wp\/v2\/media?parent=12"}],"curies":[{"name":"wp","href":"https:\/\/api.w.org\/{rel}","templated":true}]}}